{"id":1020,"date":"2024-01-02T10:57:40","date_gmt":"2024-01-02T10:57:40","guid":{"rendered":"https:\/\/estelas.es\/contact\/"},"modified":"2024-08-05T12:30:39","modified_gmt":"2024-08-05T12:30:39","slug":"contact","status":"publish","type":"page","link":"https:\/\/estelas.es\/en\/contact\/","title":{"rendered":"Contact"},"content":{"rendered":"\t\t<div data-elementor-type=\"wp-page\" data-elementor-id=\"1020\" class=\"elementor elementor-1020 elementor-158\" data-elementor-post-type=\"page\">\n\t\t\t\t<div class=\"elementor-element elementor-element-d764ccc e-con-full e-flex e-con e-parent\" data-id=\"d764ccc\" data-element_type=\"container\" data-settings=\"{&quot;background_background&quot;:&quot;gradient&quot;,&quot;shape_divider_bottom&quot;:&quot;opacity-fan&quot;}\">\n\t\t\t\t<div class=\"elementor-shape elementor-shape-bottom\" data-negative=\"false\">\n\t\t\t<svg xmlns=\"http:\/\/www.w3.org\/2000\/svg\" viewBox=\"0 0 283.5 19.6\" preserveAspectRatio=\"none\">\n\t<path class=\"elementor-shape-fill\" style=\"opacity:0.33\" d=\"M0 0L0 18.8 141.8 4.1 283.5 18.8 283.5 0z\"\/>\n\t<path class=\"elementor-shape-fill\" style=\"opacity:0.33\" d=\"M0 0L0 12.6 141.8 4 283.5 12.6 283.5 0z\"\/>\n\t<path class=\"elementor-shape-fill\" style=\"opacity:0.33\" d=\"M0 0L0 6.4 141.8 4 283.5 6.4 283.5 0z\"\/>\n\t<path class=\"elementor-shape-fill\" d=\"M0 0L0 1.2 141.8 4 283.5 1.2 283.5 0z\"\/>\n<\/svg>\t\t<\/div>\n\t\t<div class=\"elementor-element elementor-element-e45a224 e-con-full e-flex e-con e-child\" data-id=\"e45a224\" data-element_type=\"container\">\n\t\t\t\t<div class=\"elementor-element elementor-element-b01e77f elementor-widget elementor-widget-heading\" data-id=\"b01e77f\" data-element_type=\"widget\" data-widget_type=\"heading.default\">\n\t\t\t\t<div class=\"elementor-widget-container\">\n\t\t\t<h1 class=\"elementor-heading-title elementor-size-default\">Contact<\/h1>\t\t<\/div>\n\t\t\t\t<\/div>\n\t\t\t\t<div class=\"elementor-element elementor-element-91963bb elementor-align-center elementor-widget elementor-widget-button\" data-id=\"91963bb\" data-element_type=\"widget\" data-widget_type=\"button.default\">\n\t\t\t\t<div class=\"elementor-widget-container\">\n\t\t\t\t\t<div class=\"elementor-button-wrapper\">\n\t\t\t<a class=\"elementor-button elementor-button-link elementor-size-sm\" href=\"tel:+34986367971\">\n\t\t\t\t\t\t<span class=\"elementor-button-content-wrapper\">\n\t\t\t\t\t\t\t\t\t<span class=\"elementor-button-text\">986 367 971<\/span>\n\t\t\t\t\t<\/span>\n\t\t\t\t\t<\/a>\n\t\t<\/div>\n\t\t\t\t<\/div>\n\t\t\t\t<\/div>\n\t\t\t\t<\/div>\n\t\t\t\t<\/div>\n\t\t<div class=\"elementor-element elementor-element-8ad1771 e-flex e-con-boxed e-con e-parent\" data-id=\"8ad1771\" data-element_type=\"container\" data-settings=\"{&quot;background_background&quot;:&quot;classic&quot;}\">\n\t\t\t\t\t<div class=\"e-con-inner\">\n\t\t\t\t<div class=\"elementor-element elementor-element-a9ac4b5 elementor-widget__width-initial elementor-widget elementor-widget-text-editor\" data-id=\"a9ac4b5\" data-element_type=\"widget\" data-widget_type=\"text-editor.default\">\n\t\t\t\t<div class=\"elementor-widget-container\">\n\t\t\t\t\t\t\t<p>If you need more information about our company or our services, contact us today through the following form, call us or come see us at our offices.  <br \/>We will be happy to assist you.<\/p>\n\t\t\t\t\t\t<\/div>\n\t\t\t\t<\/div>\n\t\t\t\t\t<\/div>\n\t\t\t\t<\/div>\n\t\t<div class=\"elementor-element elementor-element-53d99d1 e-flex e-con-boxed e-con e-parent\" data-id=\"53d99d1\" data-element_type=\"container\">\n\t\t\t\t\t<div class=\"e-con-inner\">\n\t\t\t\t<div class=\"elementor-element elementor-element-50258dc elementor-button-align-start elementor-widget__width-initial elementor-widget elementor-widget-form\" data-id=\"50258dc\" data-element_type=\"widget\" data-settings=\"{&quot;step_next_label&quot;:&quot;Next&quot;,&quot;step_previous_label&quot;:&quot;Previous&quot;,&quot;button_width&quot;:&quot;100&quot;,&quot;step_type&quot;:&quot;number_text&quot;,&quot;step_icon_shape&quot;:&quot;circle&quot;}\" data-widget_type=\"form.default\">\n\t\t\t\t<div class=\"elementor-widget-container\">\n\t\t\t\t\t<form class=\"elementor-form\" method=\"post\" name=\"contact form\">\n\t\t\t<input type=\"hidden\" name=\"post_id\" value=\"1020\"\/>\n\t\t\t<input type=\"hidden\" name=\"form_id\" value=\"50258dc\"\/>\n\t\t\t<input type=\"hidden\" name=\"referer_title\" value=\"Asesor\u00eda Integral Estelas\" \/>\n\n\t\t\t\n\t\t\t<div class=\"elementor-form-fields-wrapper elementor-labels-above\">\n\t\t\t\t\t\t\t\t<div class=\"elementor-field-type-text elementor-field-group elementor-column elementor-field-group-name elementor-col-100 elementor-field-required elementor-mark-required\">\n\t\t\t\t\t\t\t\t\t\t\t\t\t<input size=\"1\" type=\"text\" name=\"form_fields[name]\" id=\"form-field-name\" class=\"elementor-field elementor-size-sm  elementor-field-textual\" placeholder=\"Name\" required=\"required\" aria-required=\"true\">\n\t\t\t\t\t\t\t\t\t\t\t<\/div>\n\t\t\t\t\t\t\t\t<div class=\"elementor-field-type-email elementor-field-group elementor-column elementor-field-group-email elementor-col-100 elementor-field-required elementor-mark-required\">\n\t\t\t\t\t\t\t\t\t\t\t\t\t<input size=\"1\" type=\"email\" name=\"form_fields[email]\" id=\"form-field-email\" class=\"elementor-field elementor-size-sm  elementor-field-textual\" placeholder=\"Email\" required=\"required\" aria-required=\"true\">\n\t\t\t\t\t\t\t\t\t\t\t<\/div>\n\t\t\t\t\t\t\t\t<div class=\"elementor-field-type-textarea elementor-field-group elementor-column elementor-field-group-message elementor-col-100 elementor-field-required elementor-mark-required\">\n\t\t\t\t\t<textarea class=\"elementor-field-textual elementor-field  elementor-size-sm\" name=\"form_fields[message]\" id=\"form-field-message\" rows=\"4\" placeholder=\"Message\" required=\"required\" aria-required=\"true\"><\/textarea>\t\t\t\t<\/div>\n\t\t\t\t\t\t\t\t<div class=\"elementor-field-type-acceptance elementor-field-group elementor-column elementor-field-group-field_71ee1e3 elementor-col-100\">\n\t\t\t\t\t\t\t<div class=\"elementor-field-subgroup\">\n\t\t\t<span class=\"elementor-field-option\">\n\t\t\t\t<input type=\"checkbox\" name=\"form_fields[field_71ee1e3]\" id=\"form-field-field_71ee1e3\" class=\"elementor-field elementor-size-sm  elementor-acceptance-field\">\n\t\t\t\t<label for=\"form-field-field_71ee1e3\"><span style=\"font-size:12px;\">I have read and accept the <a href=\"\/legal\">legal notice and privacy policy<\/a> of this website<\/span><\/label>\t\t\t<\/span>\n\t\t<\/div>\n\t\t\t\t\t\t<\/div>\n\t\t\t\t\t\t\t\t<div class=\"elementor-field-type-recaptcha_v3 elementor-field-group elementor-column elementor-field-group-field_1f4aedc elementor-col-100 recaptcha_v3-bottomright\">\n\t\t\t\t\t<div class=\"elementor-field\" id=\"form-field-field_1f4aedc\"><div class=\"elementor-g-recaptcha\" data-sitekey=\"6Ld9s_8pAAAAAPirOozX-lmThMyGMGaJxi52Vgq1\" data-type=\"v3\" data-action=\"Form\" data-badge=\"bottomright\" data-size=\"invisible\"><\/div><\/div>\t\t\t\t<\/div>\n\t\t\t\t\t\t\t\t<div class=\"elementor-field-group elementor-column elementor-field-type-submit elementor-col-100 e-form__buttons\">\n\t\t\t\t\t<button class=\"elementor-button elementor-size-sm\" type=\"submit\">\n\t\t\t\t\t\t<span class=\"elementor-button-content-wrapper\">\n\t\t\t\t\t\t\t\t\t\t\t\t\t\t\t\t\t\t\t\t\t\t<span class=\"elementor-button-text\">Send<\/span>\n\t\t\t\t\t\t\t\t\t\t\t\t\t<\/span>\n\t\t\t\t\t<\/button>\n\t\t\t\t<\/div>\n\t\t\t<\/div>\n\t\t<\/form>\n\t\t\t\t<\/div>\n\t\t\t\t<\/div>\n\t\t\t\t\t<\/div>\n\t\t\t\t<\/div>\n\t\t<div class=\"elementor-element elementor-element-9b80f67 e-con-full elementor-hidden-mobile e-flex e-con e-parent\" data-id=\"9b80f67\" data-element_type=\"container\">\n\t\t<div class=\"elementor-element elementor-element-af26d58 e-con-full e-flex e-con e-child\" data-id=\"af26d58\" data-element_type=\"container\">\n\t\t\t\t<\/div>\n\t\t<div class=\"elementor-element elementor-element-987b560 e-con-full e-flex e-con e-child\" data-id=\"987b560\" data-element_type=\"container\">\n\t\t\t\t<\/div>\n\t\t<div class=\"elementor-element elementor-element-744eb10 e-con-full e-flex e-con e-child\" data-id=\"744eb10\" data-element_type=\"container\">\n\t\t\t\t<\/div>\n\t\t<div class=\"elementor-element elementor-element-717b7d3 e-con-full e-flex e-con e-child\" data-id=\"717b7d3\" data-element_type=\"container\">\n\t\t\t\t<\/div>\n\t\t\t\t<\/div>\n\t\t\t\t<\/div>\n\t\t","protected":false},"excerpt":{"rendered":"<p>Contact 986 367 971 If you need more information about our company or our services, contact us today through the following form, call us or come see us at our offices. We will be happy to assist you.<\/p>\n","protected":false},"author":1,"featured_media":0,"parent":0,"menu_order":0,"comment_status":"closed","ping_status":"closed","template":"","meta":{"footnotes":""},"class_list":["post-1020","page","type-page","status-publish","hentry"],"yoast_head":"<!-- This site is optimized with the Yoast SEO plugin v23.5 - https:\/\/yoast.com\/wordpress\/plugins\/seo\/ -->\n<title>Contact - Asesor\u00eda Integral Estelas<\/title>\n<meta name=\"description\" content=\"Contact Asesor\u00eda Integral Estelas in Panx\u00f3n, Nigr\u00e1n.\" \/>\n<meta name=\"robots\" content=\"index, follow, max-snippet:-1, max-image-preview:large, max-video-preview:-1\" \/>\n<link rel=\"canonical\" href=\"https:\/\/estelas.es\/en\/contact\/\" \/>\n<meta property=\"og:locale\" content=\"en_US\" \/>\n<meta property=\"og:type\" content=\"article\" \/>\n<meta property=\"og:title\" content=\"Contact - Asesor\u00eda Integral Estelas\" \/>\n<meta property=\"og:description\" content=\"Contact Asesor\u00eda Integral Estelas in Panx\u00f3n, Nigr\u00e1n.\" \/>\n<meta property=\"og:url\" content=\"https:\/\/estelas.es\/en\/contact\/\" \/>\n<meta property=\"og:site_name\" content=\"Asesor\u00eda Integral Estelas\" \/>\n<meta property=\"article:modified_time\" content=\"2024-08-05T12:30:39+00:00\" \/>\n<meta name=\"twitter:card\" content=\"summary_large_image\" \/>\n<script type=\"application\/ld+json\" class=\"yoast-schema-graph\">{\"@context\":\"https:\/\/schema.org\",\"@graph\":[{\"@type\":\"WebPage\",\"@id\":\"https:\/\/estelas.es\/en\/contact\/\",\"url\":\"https:\/\/estelas.es\/en\/contact\/\",\"name\":\"Contact - Asesor\u00eda Integral Estelas\",\"isPartOf\":{\"@id\":\"https:\/\/estelas.es\/#website\"},\"datePublished\":\"2024-01-02T10:57:40+00:00\",\"dateModified\":\"2024-08-05T12:30:39+00:00\",\"description\":\"Contact Asesor\u00eda Integral Estelas in Panx\u00f3n, Nigr\u00e1n.\",\"breadcrumb\":{\"@id\":\"https:\/\/estelas.es\/en\/contact\/#breadcrumb\"},\"inLanguage\":\"en-US\",\"potentialAction\":[{\"@type\":\"ReadAction\",\"target\":[\"https:\/\/estelas.es\/en\/contact\/\"]}]},{\"@type\":\"BreadcrumbList\",\"@id\":\"https:\/\/estelas.es\/en\/contact\/#breadcrumb\",\"itemListElement\":[{\"@type\":\"ListItem\",\"position\":1,\"name\":\"Portada\",\"item\":\"https:\/\/estelas.es\/en\/home\/\"},{\"@type\":\"ListItem\",\"position\":2,\"name\":\"Contact\"}]},{\"@type\":\"WebSite\",\"@id\":\"https:\/\/estelas.es\/#website\",\"url\":\"https:\/\/estelas.es\/\",\"name\":\"Asesor\u00eda Integral Estelas\",\"description\":\"\",\"publisher\":{\"@id\":\"https:\/\/estelas.es\/#organization\"},\"alternateName\":\"Asesor\u00eda Estelas, Para empresas, aut\u00f3nomos y particulares\",\"potentialAction\":[{\"@type\":\"SearchAction\",\"target\":{\"@type\":\"EntryPoint\",\"urlTemplate\":\"https:\/\/estelas.es\/?s={search_term_string}\"},\"query-input\":{\"@type\":\"PropertyValueSpecification\",\"valueRequired\":true,\"valueName\":\"search_term_string\"}}],\"inLanguage\":\"en-US\"},{\"@type\":\"Organization\",\"@id\":\"https:\/\/estelas.es\/#organization\",\"name\":\"Asesor\u00eda Estelas\",\"url\":\"https:\/\/estelas.es\/\",\"logo\":{\"@type\":\"ImageObject\",\"inLanguage\":\"en-US\",\"@id\":\"https:\/\/estelas.es\/#\/schema\/logo\/image\/\",\"url\":\"https:\/\/estelas.es\/wp-content\/uploads\/2021\/04\/logomarca-azul.svg\",\"contentUrl\":\"https:\/\/estelas.es\/wp-content\/uploads\/2021\/04\/logomarca-azul.svg\",\"width\":161,\"height\":12,\"caption\":\"Asesor\u00eda Estelas\"},\"image\":{\"@id\":\"https:\/\/estelas.es\/#\/schema\/logo\/image\/\"}}]}<\/script>\n<!-- \/ Yoast SEO plugin. -->","yoast_head_json":{"title":"Contact - Asesor\u00eda Integral Estelas","description":"Contact Asesor\u00eda Integral Estelas in Panx\u00f3n, Nigr\u00e1n.","robots":{"index":"index","follow":"follow","max-snippet":"max-snippet:-1","max-image-preview":"max-image-preview:large","max-video-preview":"max-video-preview:-1"},"canonical":"https:\/\/estelas.es\/en\/contact\/","og_locale":"en_US","og_type":"article","og_title":"Contact - Asesor\u00eda Integral Estelas","og_description":"Contact Asesor\u00eda Integral Estelas in Panx\u00f3n, Nigr\u00e1n.","og_url":"https:\/\/estelas.es\/en\/contact\/","og_site_name":"Asesor\u00eda Integral Estelas","article_modified_time":"2024-08-05T12:30:39+00:00","twitter_card":"summary_large_image","schema":{"@context":"https:\/\/schema.org","@graph":[{"@type":"WebPage","@id":"https:\/\/estelas.es\/en\/contact\/","url":"https:\/\/estelas.es\/en\/contact\/","name":"Contact - Asesor\u00eda Integral Estelas","isPartOf":{"@id":"https:\/\/estelas.es\/#website"},"datePublished":"2024-01-02T10:57:40+00:00","dateModified":"2024-08-05T12:30:39+00:00","description":"Contact Asesor\u00eda Integral Estelas in Panx\u00f3n, Nigr\u00e1n.","breadcrumb":{"@id":"https:\/\/estelas.es\/en\/contact\/#breadcrumb"},"inLanguage":"en-US","potentialAction":[{"@type":"ReadAction","target":["https:\/\/estelas.es\/en\/contact\/"]}]},{"@type":"BreadcrumbList","@id":"https:\/\/estelas.es\/en\/contact\/#breadcrumb","itemListElement":[{"@type":"ListItem","position":1,"name":"Portada","item":"https:\/\/estelas.es\/en\/home\/"},{"@type":"ListItem","position":2,"name":"Contact"}]},{"@type":"WebSite","@id":"https:\/\/estelas.es\/#website","url":"https:\/\/estelas.es\/","name":"Asesor\u00eda Integral Estelas","description":"","publisher":{"@id":"https:\/\/estelas.es\/#organization"},"alternateName":"Asesor\u00eda Estelas, Para empresas, aut\u00f3nomos y particulares","potentialAction":[{"@type":"SearchAction","target":{"@type":"EntryPoint","urlTemplate":"https:\/\/estelas.es\/?s={search_term_string}"},"query-input":{"@type":"PropertyValueSpecification","valueRequired":true,"valueName":"search_term_string"}}],"inLanguage":"en-US"},{"@type":"Organization","@id":"https:\/\/estelas.es\/#organization","name":"Asesor\u00eda Estelas","url":"https:\/\/estelas.es\/","logo":{"@type":"ImageObject","inLanguage":"en-US","@id":"https:\/\/estelas.es\/#\/schema\/logo\/image\/","url":"https:\/\/estelas.es\/wp-content\/uploads\/2021\/04\/logomarca-azul.svg","contentUrl":"https:\/\/estelas.es\/wp-content\/uploads\/2021\/04\/logomarca-azul.svg","width":161,"height":12,"caption":"Asesor\u00eda Estelas"},"image":{"@id":"https:\/\/estelas.es\/#\/schema\/logo\/image\/"}}]}},"_links":{"self":[{"href":"https:\/\/estelas.es\/en\/wp-json\/wp\/v2\/pages\/1020","targetHints":{"allow":["GET"]}}],"collection":[{"href":"https:\/\/estelas.es\/en\/wp-json\/wp\/v2\/pages"}],"about":[{"href":"https:\/\/estelas.es\/en\/wp-json\/wp\/v2\/types\/page"}],"author":[{"embeddable":true,"href":"https:\/\/estelas.es\/en\/wp-json\/wp\/v2\/users\/1"}],"replies":[{"embeddable":true,"href":"https:\/\/estelas.es\/en\/wp-json\/wp\/v2\/comments?post=1020"}],"version-history":[{"count":1,"href":"https:\/\/estelas.es\/en\/wp-json\/wp\/v2\/pages\/1020\/revisions"}],"predecessor-version":[{"id":1042,"href":"https:\/\/estelas.es\/en\/wp-json\/wp\/v2\/pages\/1020\/revisions\/1042"}],"wp:attachment":[{"href":"https:\/\/estelas.es\/en\/wp-json\/wp\/v2\/media?parent=1020"}],"curies":[{"name":"wp","href":"https:\/\/api.w.org\/{rel}","templated":true}]}}